{"id":698,"date":"2022-06-15T08:05:31","date_gmt":"2022-06-15T08:05:31","guid":{"rendered":"https:\/\/umhconucrania.umh.es\/?page_id=698"},"modified":"2022-06-23T12:00:26","modified_gmt":"2022-06-23T12:00:26","slug":"aid","status":"publish","type":"page","link":"https:\/\/umhconucrania.umh.es\/en\/aid\/","title":{"rendered":"Aid"},"content":{"rendered":"<p>[et_pb_section fb_built=&#8221;1&#8243; admin_label=&#8221;AYUDA A UCRANIA&#8221; _builder_version=&#8221;4.2.2&#8243;][et_pb_row _builder_version=&#8221;4.2.2&#8243;][et_pb_column type=&#8221;4_4&#8243; _builder_version=&#8221;4.2.2&#8243;][et_pb_text _builder_version=&#8221;4.2.2&#8243; hover_enabled=&#8221;0&#8243; custom_padding=&#8221;2px|||||&#8221;]<\/p>\n<h1><strong>Relief<\/strong><\/h1>\n<p>[\/et_pb_text][\/et_pb_column][\/et_pb_row][et_pb_row column_structure=&#8221;3_5,2_5&#8243; _builder_version=&#8221;4.2.2&#8243;][et_pb_column type=&#8221;3_5&#8243; _builder_version=&#8221;4.2.2&#8243;][et_pb_text _builder_version=&#8221;4.2.2&#8243; custom_padding=&#8221;||0px|||&#8221;]<\/p>\n<p style=\"text-align: justify\"><span style=\"font-size: large\">The Miguel Hern\u00e1ndez University of Elche (UMH) supports initiatives by associations that collaborate to channel aid to the Ukrainian people, and the UMH also informs its university community about the many responsible ways they can do their part to help.<\/span><\/p>\n<p style=\"text-align: justify\"><span style=\"font-size: large\"><br \/>In light of the solidary donations received during this time of conflict, the Area of Development Cooperation and Volunteerism at the UMH is grateful for these contributions, and we publicize other ways to collaborate that have been implemented by associations specializing in humanitarian actions and by organizations with experience within Ukraine and\/or with links to local organizations there.<\/span><\/p>\n<p style=\"text-align: justify\"><span style=\"font-size: large\"><br \/>La Coordinadora Valenciana de ONGD (Valencian Coordinator NGO network), with which we maintain a collaboration agreement, has proposed a set of recommendations on how to assist people affected by the conflict as well as members of that population who have fled in search of safety in other countries.<\/span><\/p>\n<p>[\/et_pb_text][\/et_pb_column][et_pb_column type=&#8221;2_5&#8243; _builder_version=&#8221;4.2.2&#8243;][et_pb_text _builder_version=&#8221;4.2.2&#8243; hover_enabled=&#8221;0&#8243;]<\/p>\n<h3><strong>You may inform yourself via the following links:<\/strong><\/h3>\n<p>[\/et_pb_text][et_pb_button button_url=&#8221;https:\/\/www.cvongd.org\/es\/noticias\/comunicados\/las-ongd-valencianas-recomiendan-canalizar-la-ayuda-de-forma-adecuada-para-garantizar-que-llegue-a-la-poblacion-afectada-por-el-conflicto-en-ucrania\/&#8221; url_new_window=&#8221;on&#8221; button_text=&#8221;Guarantee of receipt of the aid&#8221; _builder_version=&#8221;4.2.2&#8243; custom_margin=&#8221;|54px||||&#8221; custom_padding=&#8221;|61px||||&#8221; hover_enabled=&#8221;0&#8243;][\/et_pb_button][et_pb_button button_url=&#8221;https:\/\/www.cvongd.org\/es\/noticias\/noticias-de-la-cooperacion\/informacion-para-apoyar-a-las-ongd-y-agencias-humanitarias-que-trabajan-en-ucrania\/&#8221; url_new_window=&#8221;on&#8221; button_text=&#8221;Information on supporting NGOs&#8221; _builder_version=&#8221;4.2.2&#8243; custom_margin=&#8221;|52px||||&#8221; custom_padding=&#8221;|92px||||&#8221; hover_enabled=&#8221;0&#8243;][\/et_pb_button][et_pb_button button_url=&#8221;https:\/\/forms.office.com\/pages\/responsepage.aspx?id=-QiRdbPNBEu5dj6bPZrQvqVvMv8-LLREmxVE3SheD59UQUhIV0ZVTlVFQjdDUFQxSUlORFkwT0oyUy4u&#8221; url_new_window=&#8221;on&#8221; button_text=&#8221;Help to establish contact between separated families&#8221; _builder_version=&#8221;4.2.2&#8243; custom_margin=&#8221;|52px||||&#8221; hover_enabled=&#8221;0&#8243;][\/et_pb_button][\/et_pb_column][\/et_pb_row][\/et_pb_section][et_pb_section fb_built=&#8221;1&#8243; fullwidth=&#8221;on&#8221; _builder_version=&#8221;4.2.2&#8243;][et_pb_fullwidth_image src=&#8221;https:\/\/umhconucrania.umh.es\/files\/2022\/05\/pexels-mathias-reding-11421332-2-scaled.jpg&#8221; _builder_version=&#8221;4.2.2&#8243; custom_margin=&#8221;||-482px|||&#8221; custom_padding=&#8221;||0px|||&#8221;][\/et_pb_fullwidth_image][\/et_pb_section][et_pb_section fb_built=&#8221;1&#8243; _builder_version=&#8221;4.2.2&#8243; min_height=&#8221;1148px&#8221; custom_margin=&#8221;403px|||||&#8221;][et_pb_row _builder_version=&#8221;4.2.2&#8243;][et_pb_column type=&#8221;4_4&#8243; _builder_version=&#8221;4.2.2&#8243;][et_pb_text _builder_version=&#8221;4.2.2&#8243;]<\/p>\n<h1><strong>ONGDS<\/strong><\/h1>\n<p>[\/et_pb_text][\/et_pb_column][\/et_pb_row][et_pb_row column_structure=&#8221;1_3,1_3,1_3&#8243; _builder_version=&#8221;4.2.2&#8243;][et_pb_column type=&#8221;1_3&#8243; _builder_version=&#8221;4.2.2&#8243;][et_pb_toggle title=&#8221;ACNUR &#8221; _builder_version=&#8221;4.2.2&#8243;]<\/p>\n<ul>\n<li>Phone:\u00a0\u00a0<span style=\"font-weight: 400\">900 900 532<\/span><\/li>\n<li>Mail:\u00a0<span style=\"font-weight: 400\">eacnur@eacnur.org <\/span><\/li>\n<li><a title=\"Abre este enlace para hacer una donaci\u00f3n a ACNUR\" href=\"https:\/\/eacnur.org\/es\/crisis-ucrania?utm_source=donate.unhcr.org&amp;utm_medium=Referral-CPC-GEN&amp;utm_content=&amp;utm_campaign=ES_PS_ES_Ucrania_Post_Prospecting\" target=\"_blank\" rel=\"noopener noreferrer\">Donaciones a ACNUR<\/a><\/li>\n<\/ul>\n<p>[\/et_pb_toggle][et_pb_toggle title=&#8221;CARITAS&#8221; _builder_version=&#8221;4.2.2&#8243; locked=&#8221;off&#8221;]<\/p>\n<ul>\n<li>Phone:\u00a0 963 91 92 05<\/li>\n<li>Mail:cooperacion.cdvalencia@caritas.es<\/li>\n<li><a title=\"Abre este enlace para hacer una donaci\u00f3n a CARITAS\" href=\"https:\/\/www.caritas.es\/emergencias\/caritas-con-ucrania\/\" target=\"_blank\" rel=\"noopener noreferrer\">Donaciones a CARITAS<\/a><\/li>\n<\/ul>\n<p>[\/et_pb_toggle][et_pb_toggle title=&#8221;JUNTOS POR LA VIDA&#8221; _builder_version=&#8221;4.2.2&#8243; locked=&#8221;off&#8221;]<\/p>\n<ul>\n<li>Phone:\u00a0 963 85 59 30<\/li>\n<li>Mail: info@juntosporlavida.org<\/li>\n<li><a title=\"Abre este enlace para hacer una donaci\u00f3n a JUNTOS POR LA VIDA\" href=\"https:\/\/www.juntosporlavida.org\/donar\" target=\"_blank\" rel=\"noopener noreferrer\">Donaciones a JUNTOS POR LA VIDA<\/a><\/li>\n<\/ul>\n<p>[\/et_pb_toggle][et_pb_toggle title=&#8221;VIDES&#8221; _builder_version=&#8221;4.2.2&#8243; locked=&#8221;off&#8221;]<\/p>\n<ul>\n<li>Phone:\u00a0 96 368 01 50<\/li>\n<li>Mail: cvalenciana@vides.es<\/li>\n<li><a title=\"Abre este enlace para hacer una donaci\u00f3n a VIDES\" href=\"https:\/\/www.vides.es\/campana-emergencia-favor-los-desplazados-ucrania\/\" target=\"_blank\" rel=\"noopener noreferrer\">Donaciones a VIDES<\/a><\/li>\n<\/ul>\n<p>[\/et_pb_toggle][\/et_pb_column][et_pb_column type=&#8221;1_3&#8243; _builder_version=&#8221;4.2.2&#8243;][et_pb_toggle title=&#8221;AYUDA EN ACCI\u00d3N&#8221; _builder_version=&#8221;4.2.2&#8243;]<\/p>\n<ul>\n<li>Phone:\u00a0 900 85 85 88<\/li>\n<li>Mail: online@ayudaenaccion.org<\/li>\n<li><a title=\"Abre este enlace para hacer una donaci\u00f3n a AYUDA EN ACCI\u00d3N\" href=\"https:\/\/colabora.ayudaenaccion.org\/espana\/es\/emergencia-ucrania\" target=\"_blank\" rel=\"noopener noreferrer\">Donaciones a AYUDA EN ACCI\u00d3N<\/a><\/li>\n<\/ul>\n<p>[\/et_pb_toggle][et_pb_toggle title=&#8221;CESAL&#8221; _builder_version=&#8221;4.2.2&#8243; locked=&#8221;off&#8221;]<\/p>\n<ul>\n<li>Phone:\u00a0 900 242 902<\/li>\n<li>Mail: colaboradores@cesal.org<\/li>\n<li><a title=\"Abre este enlace para hacer una donaci\u00f3n a CESAL\" href=\"https:\/\/www.cesal.org\/\" target=\"_blank\" rel=\"noopener noreferrer\">Donaciones a CESAL<\/a><\/li>\n<\/ul>\n<p>[\/et_pb_toggle][et_pb_toggle title=&#8221;M\u00c9DICOS DEL MUNDO&#8221; _builder_version=&#8221;4.2.2&#8243; locked=&#8221;off&#8221;]<\/p>\n<ul>\n<li>Phone:\u00a0 963 91 67 67<\/li>\n<li>Mail: valencia@medicosdelmundo.es<\/li>\n<li><a title=\"Abre este enlace para hacer una donaci\u00f3n a M\u00c9DICOS DEL MUNDO\" href=\"https:\/\/dona.medicosdelmundo.org\/crisis-ucrania\" target=\"_blank\" rel=\"noopener noreferrer\">Donaciones a M\u00c9DICOS DEL MUNDO<\/a><\/li>\n<\/ul>\n<p>[\/et_pb_toggle][\/et_pb_column][et_pb_column type=&#8221;1_3&#8243; _builder_version=&#8221;4.2.2&#8243;][et_pb_toggle title=&#8221;CRUZ ROJA&#8221; _builder_version=&#8221;4.2.2&#8243; locked=&#8221;off&#8221;]<\/p>\n<ul>\n<li>Phone:\u00a0 900 104 971<\/li>\n<li>Mail: informa@cruzroja.es<\/li>\n<li><a title=\"Abre este enlace para hacer una donaci\u00f3n a AYUDA EN ACCI\u00d3N\" href=\"https:\/\/www2.cruzroja.es\/-\/ayuda-crisis-ucrania\" target=\"_blank\" rel=\"noopener noreferrer\">Donaciones a CRUZ ROJA<\/a><\/li>\n<\/ul>\n<p>[\/et_pb_toggle][et_pb_toggle title=&#8221;FARMAMUNDI&#8221; _builder_version=&#8221;4.2.2&#8243; locked=&#8221;off&#8221;]<\/p>\n<ul>\n<li>Phone:\u00a0 963 182 024<\/li>\n<li>Mail: info@farmamundi.org<\/li>\n<li><a title=\"Abre este enlace para hacer una donaci\u00f3n a FARMAMUNDI\" href=\"https:\/\/farmaceuticosmundi.org\/plataforma\/donacion\/quiero-hacer-un-donativo\" target=\"_blank\" rel=\"noopener noreferrer\">Donaciones a FARMAMUNDI<\/a><\/li>\n<\/ul>\n<p>[\/et_pb_toggle][et_pb_toggle title=&#8221;SAVE THE CHILDREN&#8221; _builder_version=&#8221;4.2.2&#8243; locked=&#8221;off&#8221;]<\/p>\n<ul>\n<li>Phone: 900 37 37 15<\/li>\n<li><a title=\"Abre este enlace para hacer una donaci\u00f3n a SAVE THE CHILDREN\" href=\"https:\/\/www.savethechildren.es\/colaborar-ong\/ayuda-conflicto-ucrania\" target=\"_blank\" rel=\"noopener noreferrer\">Donaciones a SAVE THE CHILDREN<\/a><\/li>\n<\/ul>\n<p>[\/et_pb_toggle][\/et_pb_column][\/et_pb_row][et_pb_row _builder_version=&#8221;4.2.2&#8243;][et_pb_column type=&#8221;4_4&#8243; _builder_version=&#8221;4.2.2&#8243;][et_pb_button button_url=&#8221;https:\/\/coordinadoraongd.org\/nos-ayudamos\/ayuda-en-emergencias\/&#8221; button_text=&#8221;Advice on how to act in emergencies&#8221; button_alignment=&#8221;center&#8221; _builder_version=&#8221;4.2.2&#8243; hover_enabled=&#8221;0&#8243;][\/et_pb_button][\/et_pb_column][\/et_pb_row][\/et_pb_section]<\/p>\n","protected":false},"excerpt":{"rendered":"<p>Relief The Miguel Hern\u00e1ndez University of Elche (UMH) supports initiatives by associations that collaborate to channel aid to the Ukrainian people, and the UMH also informs its university community about the many responsible ways they can do their part to help. In light of the solidary donations received during this time of conflict, the Area [&hellip;]<\/p>\n","protected":false},"author":4886,"featured_media":0,"parent":0,"menu_order":0,"comment_status":"closed","ping_status":"closed","template":"","meta":{"_et_pb_use_builder":"on","_et_pb_old_content":"<p>[et_pb_section fb_built=\"1\" admin_label=\"AYUDA A UCRANIA\" _builder_version=\"4.2.2\"][et_pb_row _builder_version=\"4.2.2\"][et_pb_column type=\"4_4\" _builder_version=\"4.2.2\"][et_pb_text _builder_version=\"4.2.2\"]<\/p><h1><strong>Ayuda a Ucrania<\/strong><\/h1><p>[\/et_pb_text][\/et_pb_column][\/et_pb_row][et_pb_row column_structure=\"3_5,2_5\" _builder_version=\"4.2.2\"][et_pb_column type=\"3_5\" _builder_version=\"4.2.2\"][et_pb_text _builder_version=\"4.2.2\" custom_padding=\"||0px|||\"]<\/p><p><span style=\"font-weight: 400; font-size: large;\">La Universidad Miguel Hern\u00e1ndez (UMH) de Elche, presta su apoyo a las iniciativas que se han programado desde diversas asociaciones que colaboran para canalizar las ayudas al pueblo ucraniano e informa a la comunidad universitaria de las diversas formas responsables de aportar su granito de arena.<\/span><\/p><p><span style=\"font-weight: 400; font-size: large;\">Vista la solidaridad prestada a trav\u00e9s de las donaciones recibidas durante estos \u00faltimos d\u00edas, desde el \u00c1rea de Cooperaci\u00f3n al Desarrollo y Voluntariado de la UMH, agradecemos la participaci\u00f3n e informamos de otras v\u00edas de colaboraci\u00f3n que se han puesto en marcha desde asociaciones especializadas en acci\u00f3n humanitaria y organizaciones con experiencia de trabajo en el pa\u00eds o con v\u00ednculos con organizaciones locales.<\/span><\/p><p><span style=\"font-weight: 400; font-size: large;\">La Coordinadora Valenciana de ONGD, con la cual tenemos un convenio de colaboraci\u00f3n, ha propuesto una serie de recomendaciones sobre c\u00f3mo apoyar a la poblaci\u00f3n afectada por los ataques, y a la que est\u00e1 huyendo en busca de refugio en otros pa\u00edses.<\/span><\/p><p>[\/et_pb_text][\/et_pb_column][et_pb_column type=\"2_5\" _builder_version=\"4.2.2\"][et_pb_text _builder_version=\"4.2.2\"]<\/p><h3><strong>Puedes informarte a trav\u00e9s del siguientes enlaces:<\/strong><\/h3><p>[\/et_pb_text][et_pb_button button_url=\"https:\/\/www.cvongd.org\/es\/noticias\/comunicados\/las-ongd-valencianas-recomiendan-canalizar-la-ayuda-de-forma-adecuada-para-garantizar-que-llegue-a-la-poblacion-afectada-por-el-conflicto-en-ucrania\/\" url_new_window=\"on\" button_text=\"Garant\u00edas de recepci\u00f3n de la ayuda\" _builder_version=\"4.2.2\" custom_margin=\"|54px||||\" custom_padding=\"|61px||||\"][\/et_pb_button][et_pb_button button_url=\"https:\/\/www.cvongd.org\/es\/noticias\/noticias-de-la-cooperacion\/informacion-para-apoyar-a-las-ongd-y-agencias-humanitarias-que-trabajan-en-ucrania\/\" url_new_window=\"on\" button_text=\"Informaci\u00f3n de apoyo a ONGDs\" _builder_version=\"4.2.2\" custom_margin=\"|52px||||\" custom_padding=\"|92px||||\"][\/et_pb_button][et_pb_button button_url=\"https:\/\/forms.office.com\/pages\/responsepage.aspx?id=-QiRdbPNBEu5dj6bPZrQvqVvMv8-LLREmxVE3SheD59UQUhIV0ZVTlVFQjdDUFQxSUlORFkwT0oyUy4u\" url_new_window=\"on\" button_text=\"Ayuda a establecer contacto entre familiares separados\" _builder_version=\"4.2.2\" custom_margin=\"|52px||||\"][\/et_pb_button][\/et_pb_column][\/et_pb_row][\/et_pb_section][et_pb_section fb_built=\"1\" fullwidth=\"on\" _builder_version=\"4.2.2\"][et_pb_fullwidth_image src=\"https:\/\/umhconucrania.umh.es\/files\/2022\/05\/pexels-mathias-reding-11421332-2-scaled.jpg\" _builder_version=\"4.2.2\" custom_margin=\"||-482px|||\" custom_padding=\"||0px|||\"][\/et_pb_fullwidth_image][\/et_pb_section][et_pb_section fb_built=\"1\" _builder_version=\"4.2.2\" min_height=\"1148px\" custom_margin=\"403px|||||\"][et_pb_row _builder_version=\"4.2.2\"][et_pb_column type=\"4_4\" _builder_version=\"4.2.2\"][et_pb_text _builder_version=\"4.2.2\"]<\/p><h1><strong>ONGDS<\/strong><\/h1><p>[\/et_pb_text][\/et_pb_column][\/et_pb_row][et_pb_row column_structure=\"1_3,1_3,1_3\" _builder_version=\"4.2.2\"][et_pb_column type=\"1_3\" _builder_version=\"4.2.2\"][et_pb_toggle title=\"ACNUR \" _builder_version=\"4.2.2\"]<\/p><ul><li>Tel\u00e9fono:\u00a0\u00a0<span style=\"font-weight: 400;\">900 900 532<\/span><\/li><li>Mail:\u00a0<span style=\"font-weight: 400;\">eacnur@eacnur.org <\/span><\/li><li><a title=\"Abre este enlace para hacer una donaci\u00f3n a ACNUR\" href=\"https:\/\/eacnur.org\/es\/crisis-ucrania?utm_source=donate.unhcr.org&utm_medium=Referral-CPC-GEN&utm_content=&utm_campaign=ES_PS_ES_Ucrania_Post_Prospecting\" target=\"_blank\" rel=\"noopener noreferrer\">Donaciones a ACNUR<\/a><\/li><\/ul><p>[\/et_pb_toggle][et_pb_toggle title=\"CARITAS\" _builder_version=\"4.2.2\" locked=\"off\"]<\/p><ul><li>Tel\u00e9fono:\u00a0 963 91 92 05<\/li><li>Mail:cooperacion.cdvalencia@caritas.es<\/li><li><a title=\"Abre este enlace para hacer una donaci\u00f3n a CARITAS\" href=\"https:\/\/www.caritas.es\/emergencias\/caritas-con-ucrania\/\" target=\"_blank\" rel=\"noopener noreferrer\">Donaciones a CARITAS<\/a><\/li><\/ul><p>[\/et_pb_toggle][et_pb_toggle title=\"JUNTOS POR LA VIDA\" _builder_version=\"4.2.2\" locked=\"off\"]<\/p><ul><li>Tel\u00e9fono:\u00a0 963 85 59 30<\/li><li>Mail: info@juntosporlavida.org<\/li><li><a title=\"Abre este enlace para hacer una donaci\u00f3n a JUNTOS POR LA VIDA\" href=\"https:\/\/www.juntosporlavida.org\/donar\" target=\"_blank\" rel=\"noopener noreferrer\">Donaciones a JUNTOS POR LA VIDA<\/a><\/li><\/ul><p>[\/et_pb_toggle][et_pb_toggle title=\"VIDES\" _builder_version=\"4.2.2\" locked=\"off\"]<\/p><ul><li>Tel\u00e9fono:\u00a0 96 368 01 50<\/li><li>Mail: cvalenciana@vides.es<\/li><li><a title=\"Abre este enlace para hacer una donaci\u00f3n a VIDES\" href=\"https:\/\/www.vides.es\/campana-emergencia-favor-los-desplazados-ucrania\/\" target=\"_blank\" rel=\"noopener noreferrer\">Donaciones a VIDES<\/a><\/li><\/ul><p>[\/et_pb_toggle][\/et_pb_column][et_pb_column type=\"1_3\" _builder_version=\"4.2.2\"][et_pb_toggle title=\"AYUDA EN ACCI\u00d3N\" _builder_version=\"4.2.2\"]<\/p><ul><li>Tel\u00e9fono:\u00a0 900 85 85 88<\/li><li>Mail: online@ayudaenaccion.org<\/li><li><a title=\"Abre este enlace para hacer una donaci\u00f3n a AYUDA EN ACCI\u00d3N\" href=\"https:\/\/colabora.ayudaenaccion.org\/espana\/es\/emergencia-ucrania\" target=\"_blank\" rel=\"noopener noreferrer\">Donaciones a AYUDA EN ACCI\u00d3N<\/a><\/li><\/ul><p>[\/et_pb_toggle][et_pb_toggle title=\"CESAL\" _builder_version=\"4.2.2\" locked=\"off\"]<\/p><ul><li>Tel\u00e9fono:\u00a0 900 242 902<\/li><li>Mail: colaboradores@cesal.org<\/li><li><a title=\"Abre este enlace para hacer una donaci\u00f3n a CESAL\" href=\"https:\/\/www.cesal.org\/\" target=\"_blank\" rel=\"noopener noreferrer\">Donaciones a CESAL<\/a><\/li><\/ul><p>[\/et_pb_toggle][et_pb_toggle title=\"M\u00c9DICOS DEL MUNDO\" _builder_version=\"4.2.2\" locked=\"off\"]<\/p><ul><li>Tel\u00e9fono:\u00a0 963 91 67 67<\/li><li>Mail: valencia@medicosdelmundo.es<\/li><li><a title=\"Abre este enlace para hacer una donaci\u00f3n a M\u00c9DICOS DEL MUNDO\" href=\"https:\/\/dona.medicosdelmundo.org\/crisis-ucrania\" target=\"_blank\" rel=\"noopener noreferrer\">Donaciones a M\u00c9DICOS DEL MUNDO<\/a><\/li><\/ul><p>[\/et_pb_toggle][\/et_pb_column][et_pb_column type=\"1_3\" _builder_version=\"4.2.2\"][et_pb_toggle title=\"CRUZ ROJA\" _builder_version=\"4.2.2\" locked=\"off\"]<\/p><ul><li>Tel\u00e9fono:\u00a0 900 104 971<\/li><li>Mail: informa@cruzroja.es<\/li><li><a title=\"Abre este enlace para hacer una donaci\u00f3n a AYUDA EN ACCI\u00d3N\" href=\"https:\/\/www2.cruzroja.es\/-\/ayuda-crisis-ucrania\" target=\"_blank\" rel=\"noopener noreferrer\">Donaciones a CRUZ ROJA<\/a><\/li><\/ul><p>[\/et_pb_toggle][et_pb_toggle title=\"FARMAMUNDI\" _builder_version=\"4.2.2\" locked=\"off\"]<\/p><ul><li>Tel\u00e9fono:\u00a0 963 182 024<\/li><li>Mail: info@farmamundi.org<\/li><li><a title=\"Abre este enlace para hacer una donaci\u00f3n a FARMAMUNDI\" href=\"https:\/\/farmaceuticosmundi.org\/plataforma\/donacion\/quiero-hacer-un-donativo\" target=\"_blank\" rel=\"noopener noreferrer\">Donaciones a FARMAMUNDI<\/a><\/li><\/ul><p>[\/et_pb_toggle][et_pb_toggle title=\"SAVE THE CHILDREN\" _builder_version=\"4.2.2\" locked=\"off\"]<\/p><ul><li>Tel\u00e9fono: 900 37 37 15<\/li><li><a title=\"Abre este enlace para hacer una donaci\u00f3n a SAVE THE CHILDREN\" href=\"https:\/\/www.savethechildren.es\/colaborar-ong\/ayuda-conflicto-ucrania\" target=\"_blank\" rel=\"noopener noreferrer\">Donaciones a SAVE THE CHILDREN<\/a><\/li><\/ul><p>[\/et_pb_toggle][\/et_pb_column][\/et_pb_row][et_pb_row _builder_version=\"4.2.2\"][et_pb_column type=\"4_4\" _builder_version=\"4.2.2\"][et_pb_button button_url=\"https:\/\/coordinadoraongd.org\/nos-ayudamos\/ayuda-en-emergencias\/\" button_text=\"Consejos sobre c\u00f3mo actuar en caso de emergencia\" button_alignment=\"center\" _builder_version=\"4.2.2\"][\/et_pb_button][\/et_pb_column][\/et_pb_row][\/et_pb_section]<\/p>","_et_gb_content_width":"","_links_to":"","_links_to_target":""},"_links":{"self":[{"href":"https:\/\/umhconucrania.umh.es\/en\/wp-json\/wp\/v2\/pages\/698"}],"collection":[{"href":"https:\/\/umhconucrania.umh.es\/en\/wp-json\/wp\/v2\/pages"}],"about":[{"href":"https:\/\/umhconucrania.umh.es\/en\/wp-json\/wp\/v2\/types\/page"}],"author":[{"embeddable":true,"href":"https:\/\/umhconucrania.umh.es\/en\/wp-json\/wp\/v2\/users\/4886"}],"replies":[{"embeddable":true,"href":"https:\/\/umhconucrania.umh.es\/en\/wp-json\/wp\/v2\/comments?post=698"}],"version-history":[{"count":0,"href":"https:\/\/umhconucrania.umh.es\/en\/wp-json\/wp\/v2\/pages\/698\/revisions"}],"wp:attachment":[{"href":"https:\/\/umhconucrania.umh.es\/en\/wp-json\/wp\/v2\/media?parent=698"}],"curies":[{"name":"wp","href":"https:\/\/api.w.org\/{rel}","templated":true}]}}